{"id":11,"date":"2015-08-25T11:53:14","date_gmt":"2015-08-25T11:53:14","guid":{"rendered":"http:\/\/www.grebllom.se\/?page_id=11"},"modified":"2025-04-23T08:05:22","modified_gmt":"2025-04-23T08:05:22","slug":"maklare-och-spekulanter","status":"publish","type":"page","link":"https:\/\/www.grebllom.se\/index.php\/maklare-och-spekulanter\/","title":{"rendered":"M\u00e4klare och spekulanter"},"content":{"rendered":"\n<p class=\"p1\">H\u00e4r finns information som kan vara till hj\u00e4lp f\u00f6r m\u00e4klare och potentiella k\u00f6pare av bostadsr\u00e4tt i f\u00f6reningen. M\u00e4klarbild g\u00e5r att f\u00e5 av Annika Gran\u00e9r p\u00e5 Fastighets\u00e4garna p\u00e5 tel 08-617 76 56. Finns det ytterligare fr\u00e5gor g\u00e5r det bra att kontakta styrelsen: styrelsen@grebllom.se<\/p>\n\n\n<div class=\"space_20 clearfix\"><\/div>\n\n\n\n<h4 class=\"wp-block-heading p3\">\u00c5rsredovisningar<\/h4>\n\n\n\n<p class=\"p3\"><span class=\"s1\"><a href=\"http:\/\/grebllom.se\/images\/arsredovisning\/Arsredovisning2009.pdf\">\u00c5rsredovisning 2009<\/a><\/span><\/p>\n\n\n\n<p class=\"p3\"><span class=\"s1\"><a href=\"http:\/\/grebllom.se\/images\/arsredovisning\/Arsredovisning2010.pdf\">\u00c5rsredovisning 2010<\/a><\/span><\/p>\n\n\n\n<p class=\"p3\"><span class=\"s1\"><a href=\"http:\/\/grebllom.se\/images\/arsredovisning\/Arsredovisning2011.pdf\">\u00c5rsredovisning 2011<\/a><\/span><\/p>\n\n\n\n<p class=\"p3\"><span class=\"s1\"><a href=\"http:\/\/grebllom.se\/images\/arsredovisning\/Arsredovisning2012.pdf\">\u00c5rsredovisning 2012&nbsp;<\/a><\/span><\/p>\n\n\n\n<p class=\"p3\"><span class=\"s1\"><a href=\"http:\/\/grebllom.se\/images\/arsredovisning\/Arsredovisning2013.pdf\">\u00c5rsredovisning 2013<\/a><\/span><\/p>\n\n\n\n<p class=\"p3\"><span class=\"s1\"><a href=\"http:\/\/grebllom.se\/images\/arsredovisning\/Arsredovisning2014.pdf\">\u00c5rsredovisning 2014<\/a><\/span><\/p>\n\n\n\n<p class=\"p3\"><a href=\"http:\/\/www.grebllom.se\/wp-content\/uploads\/2015\/08\/Arsprotokoll-2016-2.pdf\">\u00c5rsredovisning 2015<\/a><\/p>\n\n\n\n<p><a href=\"http:\/\/www.grebllom.se\/wp-content\/uploads\/2015\/08\/A\u030arsredovisning-2016.pdf\">A\u030arsredovisning 2016<\/a><\/p>\n\n\n\n<p><a href=\"http:\/\/www.grebllom.se\/wp-content\/uploads\/2018\/06\/\u00c5R-2017.pdf\">\u00c5rsredovisning 2017<\/a><\/p>\n\n\n\n<p><a href=\"http:\/\/www.grebllom.se\/wp-content\/uploads\/2019\/06\/\u00c5R-2018-Brf-Grebllom.pdf\">\u00c5rsredovisning 2018<\/a><\/p>\n\n\n\n<p><a href=\"http:\/\/www.grebllom.se\/wp-content\/uploads\/2021\/04\/\u00c5rsredovisning-2019.pdf\">\u00c5rsredovisning 2019<\/a><\/p>\n\n\n\n<p><a href=\"http:\/\/www.grebllom.se\/wp-content\/uploads\/2021\/11\/A\u030aR_2020_Brf_Grebllom.pdf\">\u00c5rsredovisning 2020<\/a><\/p>\n\n\n\n<p><a href=\"http:\/\/www.grebllom.se\/wp-content\/uploads\/2022\/11\/AR_Brf-Grebllom-2021_sign.pdf\">\u00c5rsredovisning 2021<\/a><\/p>\n\n\n\n<p><a href=\"http:\/\/www.grebllom.se\/wp-content\/uploads\/2023\/06\/AR-2022-Brf-Grebllom-2-230531_sign.pdf\">\u00c5rsredovisning 2022<\/a><\/p>\n\n\n\n<p><a href=\"http:\/\/www.grebllom.se\/wp-content\/uploads\/2023\/06\/RB-2022-Brf-Grebllom-1.pdf\">Revisionsber\u00e4ttelse 2022<\/a><\/p>\n\n\n\n<p><a href=\"http:\/\/www.grebllom.se\/wp-content\/uploads\/2024\/05\/AR-2023-Brf-Grebllom-2-ver-3.pades_.pdf\">\u00c5rsredovisning 2023 <\/a><\/p>\n\n\n\n<h4 class=\"wp-block-heading\">&nbsp;<\/h4>\n\n\n\n<div data-wp-interactive=\"core\/file\" class=\"wp-block-file\"><object data-wp-bind--hidden=\"!state.hasPdfPreview\" hidden class=\"wp-block-file__embed\" data=\"http:\/\/www.grebllom.se\/wp-content\/uploads\/2025\/04\/AR-2024-Brf-Grebllom-2.pdf\" type=\"application\/pdf\" style=\"width:100%;height:200px\" aria-label=\"Embed of \u00c5rsredovisning 2024.\"><\/object><a id=\"wp-block-file--media-300d7593-7047-4545-8018-4b4ef31f49d7\" href=\"http:\/\/www.grebllom.se\/wp-content\/uploads\/2025\/04\/AR-2024-Brf-Grebllom-2.pdf\">\u00c5rsredovisning 2024<\/a><a href=\"http:\/\/www.grebllom.se\/wp-content\/uploads\/2025\/04\/AR-2024-Brf-Grebllom-2.pdf\" class=\"wp-block-file__button wp-element-button\" download aria-describedby=\"wp-block-file--media-300d7593-7047-4545-8018-4b4ef31f49d7\">Download<\/a><\/div>\n\n\n\n<h4 class=\"wp-block-heading p1\">Allm\u00e4n information<\/h4>\n\n\n\n<p class=\"p1\">Huset byggdes 1943-44.<\/p>\n\n\n\n<p class=\"p1\">F\u00f6reningen bildades 2003.<\/p>\n\n\n\n<p class=\"p1\">Vi har 40 l\u00e4genheter, 2 lokaler samt 3 mindre f\u00f6rr\u00e5d.<\/p>\n\n\n\n<p class=\"p1\">Vi har 40 bostadsr\u00e4tts\u00e4gda, 2 lokaler och 3 f\u00f6rr\u00e5d om ca 5,5 kvadratmeter.<\/p>\n\n\n\n<p class=\"p1\">Juridisk person godk\u00e4nnes ej&nbsp;som medlem vid f\u00f6rv\u00e4rv av bostadsr\u00e4tt f\u00f6r privat\u00e4ndam\u00e5l<\/p>\n\n\n\n<p class=\"p1\">Stambyte&nbsp;genomf\u00f6rdes mellan 2006-02-01 och 2006-08-31.<\/p>\n\n\n\n<p class=\"p6\">Fasaden renoverades 2011, alla balkonger och f\u00f6nster byttes ut. 2015 renoveras alla portar.<\/p>\n\n\n\n<p class=\"p1\">I m\u00e5nadsavgiften ing\u00e5r: V\u00e4rme, vatten och avlopp, tv\u00e4ttstuga samt ett vinds- eller k\u00e4llarf\u00f6rr\u00e5d. Ett till\u00e4gg p\u00e5 m\u00e5nadsavgiften (159kr) tillkommer f\u00f6r bredband.<\/p>\n\n\n\n<p class=\"p1\">Vi \u00e4r anslutna till Bredband2 (fiber).<\/p>\n\n\n\n<p class=\"p1\">F\u00f6reningen f\u00f6rfogar \u00f6ver 23 parkeringsplatser. Boende i huset har f\u00f6rtur till dessa. F\u00f6r att st\u00e4lla sig i k\u00f6n, kontakta styrelsen (styrelsen@grebllom.se)<\/p>\n\n\n\n<p class=\"p1\">Till varje l\u00e4genhet finns ett vindsf\u00f6rr\u00e5d eller k\u00e4llarf\u00f6rr\u00e5d.<\/p>\n\n\n\n<p class=\"p1\">P\u00e5 grund av kostnader i samband med \u00f6verl\u00e5telsen&nbsp;tar vi ut en \u00f6verl\u00e5telseavgift av k\u00f6paren p\u00e5 1070 kr. Om k\u00f6paren tar l\u00e5n tar vi ut en pants\u00e4ttningsavgift p\u00e5 410 kr.<\/p>\n\n\n<div class=\"space_20 clearfix\"><\/div>\n\n\n\n<h4 class=\"wp-block-heading p2\">\u00c5tg\u00e4rder som utf\u00f6rts i huset:<\/h4>\n\n\n\n<p class=\"p2\">2005 Takrenovering<\/p>\n\n\n\n<p class=\"p2\">2006 Stambyte, nya elledningar<\/p>\n\n\n\n<p class=\"p2\">2011 Fasad- och balkongrenovering<\/p>\n\n\n\n<p class=\"p2\">2013 genomf\u00f6rdes en uppgradering av den gemensamma tv\u00e4ttstugan<\/p>\n\n\n\n<p class=\"p2\">2015 Nytillverkade kopior p\u00e5 de gamla portarna sattes in<\/p>\n\n\n\n<p class=\"p2\">2015 Ansl\u00f6t vi hela fastigheten till Fibern\u00e4tet (Alltele)<\/p>\n\n\n\n<p>2021 Spolning av stammarna<\/p>\n\n\n\n<p>2024 Spolning av stammarna<\/p>\n\n\n\n<p class=\"p1\"><\/p>\n\n\n\n<p><\/p>\n\n\n\n<p><\/p>\n\n\n\n<p><\/p>\n","protected":false},"excerpt":{"rendered":"<p>H\u00e4r finns information som kan vara till hj\u00e4lp f\u00f6r m\u00e4klare och potentiella k\u00f6pare av bostadsr\u00e4tt i f\u00f6reningen. M\u00e4klarbild g\u00e5r att f\u00e5 av Annika Gran\u00e9r p\u00e5 Fastighets\u00e4garna p\u00e5 tel 08-617 76 56. Finns det ytterligare fr\u00e5gor g\u00e5r det bra att kontakta &hellip; <a href=\"https:\/\/www.grebllom.se\/index.php\/maklare-och-spekulanter\/\">Continued<\/a><\/p>\n","protected":false},"author":1,"featured_media":0,"parent":0,"menu_order":0,"comment_status":"closed","ping_status":"closed","template":"","meta":{"footnotes":""},"class_list":["post-11","page","type-page","status-publish","hentry"],"_links":{"self":[{"href":"https:\/\/www.grebllom.se\/index.php\/wp-json\/wp\/v2\/pages\/11","targetHints":{"allow":["GET"]}}],"collection":[{"href":"https:\/\/www.grebllom.se\/index.php\/wp-json\/wp\/v2\/pages"}],"about":[{"href":"https:\/\/www.grebllom.se\/index.php\/wp-json\/wp\/v2\/types\/page"}],"author":[{"embeddable":true,"href":"https:\/\/www.grebllom.se\/index.php\/wp-json\/wp\/v2\/users\/1"}],"replies":[{"embeddable":true,"href":"https:\/\/www.grebllom.se\/index.php\/wp-json\/wp\/v2\/comments?post=11"}],"version-history":[{"count":28,"href":"https:\/\/www.grebllom.se\/index.php\/wp-json\/wp\/v2\/pages\/11\/revisions"}],"predecessor-version":[{"id":235,"href":"https:\/\/www.grebllom.se\/index.php\/wp-json\/wp\/v2\/pages\/11\/revisions\/235"}],"wp:attachment":[{"href":"https:\/\/www.grebllom.se\/index.php\/wp-json\/wp\/v2\/media?parent=11"}],"curies":[{"name":"wp","href":"https:\/\/api.w.org\/{rel}","templated":true}]}}