{"id":9,"date":"2015-08-25T11:52:48","date_gmt":"2015-08-25T11:52:48","guid":{"rendered":"http:\/\/www.grebllom.se\/?page_id=9"},"modified":"2025-07-07T08:39:57","modified_gmt":"2025-07-07T08:39:57","slug":"boende","status":"publish","type":"page","link":"https:\/\/www.grebllom.se\/index.php\/boende\/","title":{"rendered":"Boende"},"content":{"rendered":"<h5><b>Parkeringsplatser<\/b><\/h5>\n<p class=\"p1\">P\u00e5 baksidan av huset finns parkeringsplatser med och utan elstolpe. Dessa g\u00e5r att hyra. Kontakta styrelsen om du \u00e4r intresserad av att hyra en parkeringsplats.<\/p>\n<h5 class=\"p4\"><b>F\u00f6rr\u00e5d och lokal<\/b><\/h5>\n<p class=\"p1\">F\u00f6rr\u00e5d f\u00f6r de boende finns p\u00e5 vind och i k\u00e4llare. Inget skr\u00e4p eller f\u00f6rem\u00e5l f\u00e5r st\u00e4llas utanf\u00f6r det egna f\u00f6rr\u00e5det (eller andras). Husnyckeln g\u00e5r till f\u00f6rr\u00e5dsutrymmena.<\/p>\n<p class=\"p1\">Om du \u00e4r intresserad av att hyra en av f\u00f6reningens lokaler eller ett ytterligare f\u00f6rr\u00e5d g\u00e5r det bra att kontakta styrelsen (styrelsen@grebllom.se).<\/p>\n<h5 class=\"p1\"><strong>Nycklar<\/strong><\/h5>\n<p class=\"p1\">\u00d6nskar du extra husnyckel g\u00e5r det bra att kontakta styrelsen (styrelsen@grebllom.se). Extra nyckel kostar 300kr.<\/p>\n<h5 class=\"p1\"><strong>Gr\u00e4nsdragningslista<\/strong><\/h5>\n<p class=\"p1\">Har n\u00e5got g\u00e5tt s\u00f6nder i l\u00e4genheten och du \u00e4r os\u00e4ker p\u00e5 om det \u00e4r ditt eller f\u00f6reningens problem? Ta en titt p\u00e5 v\u00e5r\u00a0<a href=\"http:\/\/www.grebllom.se\/wp-content\/uploads\/2015\/08\/gr\u00e4nsdragningslistabrfgrebllom.pdf\" target=\"_blank\" rel=\"noopener noreferrer\">gr\u00e4nsdragningslista<\/a>. \u00c4r du fortfarande os\u00e4ker g\u00e5r det bra att kontakta styrelsen: styrelsen@grebllom.se<\/p>\n<h5 class=\"p1\"><strong>Stadgar<\/strong><\/h5>\n<p class=\"p1\"><a href=\"http:\/\/www.grebllom.se\/wp-content\/uploads\/2022\/11\/Stadgar-BRF-Grebllom-2021.pdf\" target=\"_blank\" rel=\"noopener noreferrer\">Stadgar f\u00f6r Grebllom 2 <\/a><\/p>\n<h5 class=\"p1\"><b>Internet<\/b><\/h5>\n<p class=\"p1\">Vi har gemensamt bredband fr\u00e5n Bredband2. Ett till\u00e4gg p\u00e5 m\u00e5nadsavgiften (159kr) tillkommer.<\/p>\n<h5 class=\"p6\"><b>Tr\u00e4dg\u00e5rdsgrupp<\/b><\/h5>\n<p class=\"p5\">Vi har gl\u00e4djen i denna f\u00f6rening att ha en aktiv tr\u00e4dg\u00e5rdsgrupp.\u00a0Om du k\u00e4nner att det spritter i de gr\u00f6na fingrarna, vill anl\u00e4gga en kompost, starta en odling eller n\u00e5got annat kul s\u00e5 \u00e4r det dem du skall v\u00e4nda dig till. Skicka ett mail till: styrelsen@grebllom.se<\/p>\n<h5 class=\"p4\"><b>Tv\u00e4ttstuga<\/b><\/h5>\n<p class=\"p1\">Finns i port nr 14. Man f\u00e5r tv\u00e4tta till kl 22 och torka till kl 23. Var och en st\u00e4dar efter sig. Bokade tider upph\u00f6r att g\u00e4lla om man inte b\u00f6rjat tv\u00e4tta en halvtimme efter p\u00e5b\u00f6rjad tv\u00e4ttid. Torkutrustning f\u00e5r anv\u00e4ndas en halvtimme efter avslutat tv\u00e4ttpass. Husnyckeln g\u00e5r till tv\u00e4ttstugan. Efter avslutat pass ska tv\u00e4ttrummets golv vara sopat och svabbat, samt maskinerna avtorkade. D\u00e5 vi har p\u00e4lsallergiker i huset ska man i g\u00f6rligaste m\u00e5n se till att djurh\u00e5r inte finns kvar p\u00e5 golv och i torksk\u00e5p.<\/p>\n<h5 class=\"p6\"><b><\/b><b>2:a handsuthyrning<\/b><\/h5>\n<p class=\"p1\">F\u00e5r endast ske med styrelsens godk\u00e4nnande. Styrelsen f\u00f6rbeh\u00e5ller sig r\u00e4tten att neka uthyrning om icke godtagbara sk\u00e4l finns.<br \/>Uthyrning i andra hand f\u00e5r ske i maximalt 1 \u00e5r. Kontakta styrelsen\u00a0f\u00f6r fr\u00e5gor.<\/p>\n<p class=\"p1\">Kontrakt f\u00f6r bostadsr\u00e4ttsinnehavare:<\/p>\n<p class=\"p1\"><a href=\"http:\/\/www.grebllom.se\/wp-content\/uploads\/2015\/08\/Nr1054_Fullmakt-bostadsratt-andra-hand_H2015.pdf\">Nr1054_Fullmakt-bostadsratt-andra hand_H2015<\/a><\/p>\n<p class=\"p1\"><a href=\"http:\/\/www.grebllom.se\/wp-content\/uploads\/2015\/08\/nr1051_ansokan_tillstand_BRF_2015.pdf\">nr1051_ansokan_tillstand_BRF_2015<\/a><\/p>\n<p class=\"p1\"><a href=\"http:\/\/www.grebllom.se\/wp-content\/uploads\/2015\/08\/nr1055_avtalupplatelseandrahan_BRF_2015.pdf\">nr1055_avtalupplatelseandrahan_BRF_2015<\/a><\/p>\n<h5 class=\"p4\">\u00a0<\/h5>\n<h5 class=\"p4\"><b>Trappan<\/b><\/h5>\n<p class=\"p1\">St\u00e4das en g\u00e5ng i veckan av ett st\u00e4df\u00f6retag.<\/p>\n<h5 class=\"p4\"><b>K\u00e4llaren<\/b><\/h5>\n<p class=\"p1\">Best\u00e5r av en tv\u00e4ttstuga och tv\u00e5 cykelrum. D\u00f6rrarna ska vara st\u00e4ngda och l\u00e5sta.<\/p>\n<h5 class=\"p4\"><b>Cyklar<\/b><\/h5>\n<p class=\"p1\">Kan st\u00e4llas i cykelrummen. De f\u00e5r inte st\u00e5 s\u00e5 att de hindrar f\u00f6rbipassage tex med stor tv\u00e4ttkasse.<\/p>\n<h5 class=\"p4\"><b>Hush\u00e5llssopor<\/b><\/h5>\n<p class=\"p1\">Sl\u00e4ngs i soptunnor som st\u00e5r bredvid port nr 16.<\/p>\n<h5 class=\"p1\"><strong>Matavfall<\/strong><\/h5>\n<p>Sl\u00e4ngs i de bruna tunnorna bredvid ordinarie tunnor. Det \u00e4r mycket viktigt att endast matavfall hamnar i dessa tunnor d\u00e5 Stockholms vatten inte kommer h\u00e4mta matavfallet om fel uppt\u00e4cks.<\/p>\n<p>Information om vad som kan sl\u00e4ngas i matavfall hittar du h\u00e4r:\u00a0<a href=\"http:\/\/www.grebllom.se\/wp-content\/uploads\/2015\/08\/folder_flerbostadshus_webb.pdf\" rel=\"\">folder_flerbostadshus_webb<\/a><\/p>\n<p>Nya pappersp\u00e5sar finns att h\u00e4mta i rummet bredvid tv\u00e4ttstugan. Annars kontakta styrelsen.<\/p>\n<h5 class=\"p4\"><b>\u00c5tervinning<\/b><\/h5>\n<p class=\"p1\">F\u00f6r tidningar, glas, kartong, konserver etc finns \u00e5tervinning bakom Ica Axelsberg och bredvid Coop M\u00e4larh\u00f6jden.<\/p>\n<h5 class=\"p4\"><b>BRF-brevl\u00e5da<\/b><\/h5>\n<p class=\"p1\">Meddelanden till Styrelsen kan l\u00e4ggas i brevl\u00e5dan som h\u00e4nger innanf\u00f6r porten i nr 16 eller e-postas till styrelsen@grebllom.se.<\/p>\n<h5 class=\"p4\"><b>Fastighetssk\u00f6tare<\/b><\/h5>\n<p class=\"p1\">Fastighetssk\u00f6tarens namn st\u00e5r p\u00e5 en lapp p\u00e5 anslagstavlan i varje port. De kommer och tittar till huset en g\u00e5ng i veckan. Vill man ha n\u00e5got \u00e5tg\u00e4rdat kan man ha h\u00f6ra av sig till dem, s\u00e5 \u00e5tg\u00e4rdar dem det vid ronderingen, f\u00f6rutsatt att det \u00e4r en enklare \u00e5tg\u00e5rd.<\/p>\n<h5 class=\"p4\"><b>Tr\u00e4dg\u00e5rdsf\u00f6rr\u00e5d<\/b><\/h5>\n<p class=\"p1\">Finns p\u00e5 baksidan av nr 18, bakom en gr\u00e5 d\u00f6rr med stort h\u00e4ngl\u00e5s. H\u00e4r finns kvastar, sn\u00f6skyfflar, gr\u00e4sklippare med mera. Anv\u00e4nd dem g\u00e4rna! Husnyckeln g\u00e5r hit.<\/p>\n<h5 class=\"p4\"><b>Gemensamma utrymmen<\/b><\/h5>\n<p class=\"p5\">I v\u00e5ra gemensamma utrymmen f\u00e5r av brandsk\u00e4l dessa saker ej utrymmen f\u00f6rvaras; skr\u00e4p, kl\u00e4der och materiel.\u00a0Barnvagnar och cyklar f\u00e5r f\u00f6rvaras i cykelf\u00f6rr\u00e5den, men ej i trappuppg\u00e5ngar.<\/p>\n<h5 class=\"p6\"><b>St\u00e4ddagar<\/b><\/h5>\n<p class=\"p5\">Gemensamma st\u00e4ddagar \u00e4ger rum helgfri s\u00f6ndag i maj respektive oktober.<\/p>\n<h5 class=\"p6\"><b>Husdjur<\/b><\/h5>\n<p class=\"p5\">B\u00f6r inte vistas i allm\u00e4nna utrymmen.<\/p>\n<h5 class=\"p6\"><b>St\u00f6rande arbeten<\/b><\/h5>\n<p class=\"p5\">S\u00e5som borrning, s\u00e5gning med mera b\u00f6r utf\u00f6ras m\u00e5ndag till s\u00f6ndag, kl 9-20. Helst ej utanf\u00f6r dessa tider. Kontakta g\u00e4rna n\u00e4rliggande grannar och f\u00f6rvarna om ni vet att ni ska utf\u00f6ra st\u00f6rande arbeten under en l\u00e4ngre tid.<\/p>\n<h5 class=\"p6\"><b>Nattro<\/b><\/h5>\n<p class=\"p5\">Mellan kl 22.00-07.00 p\u00e5 vardagar och kl. 22:00 och 09:00 p\u00e5 helger ska det vara nattro i fastigheten. Det inneb\u00e4r att det inte \u00e4r till\u00e5tet att ha h\u00f6gljudda fester, spela h\u00f6g musik, utf\u00f6ra reparationsarbeten, etc mellan dessa tider.\u00a0<\/p>\n<h5 class=\"p6\"><b>Grillning<\/b><\/h5>\n<p class=\"p5\">P\u00e5 balkong f\u00e5r man anv\u00e4nda elgrill, dock ej kol- eller gasgrill, d\u00e5 de ryker f\u00f6r mycket och riskerar att st\u00f6ra andra boende. Var vaksam p\u00e5 hur r\u00f6ken sprider sig \u00e4ven vid elgrillning.<\/p>\n\n\n<p><strong>Balkong<\/strong><\/p>\n\n\n\n<p>T\u00e4nk p\u00e5 att,<\/p>\n\n\n\n<ul class=\"wp-block-list\">\n<li>H\u00e4nga balkongl\u00e5dorna p\u00e5 insidan av r\u00e4cket p\u00e5 grund av olycksrisken.<\/li>\n\n\n\n<li>Vara f\u00f6rsiktig s\u00e5 att saker inte ramlar ner p\u00e5 grannen under eller att vatten rinner ner n\u00e4r du vattnar blommorna.<\/li>\n\n\n\n<li>Skaka inte mattor fr\u00e5n balkongen, med h\u00e4nsyn till de som bor under.<\/li>\n<\/ul>\n","protected":false},"excerpt":{"rendered":"<p>Parkeringsplatser P\u00e5 baksidan av huset finns parkeringsplatser med och utan elstolpe. Dessa g\u00e5r att hyra. Kontakta styrelsen om du \u00e4r intresserad av att hyra en parkeringsplats. F\u00f6rr\u00e5d och lokal F\u00f6rr\u00e5d f\u00f6r de boende finns p\u00e5 vind och i k\u00e4llare. Inget &hellip; <a href=\"https:\/\/www.grebllom.se\/index.php\/boende\/\">Continued<\/a><\/p>\n","protected":false},"author":1,"featured_media":0,"parent":0,"menu_order":0,"comment_status":"closed","ping_status":"closed","template":"","meta":{"footnotes":""},"class_list":["post-9","page","type-page","status-publish","hentry"],"_links":{"self":[{"href":"https:\/\/www.grebllom.se\/index.php\/wp-json\/wp\/v2\/pages\/9","targetHints":{"allow":["GET"]}}],"collection":[{"href":"https:\/\/www.grebllom.se\/index.php\/wp-json\/wp\/v2\/pages"}],"about":[{"href":"https:\/\/www.grebllom.se\/index.php\/wp-json\/wp\/v2\/types\/page"}],"author":[{"embeddable":true,"href":"https:\/\/www.grebllom.se\/index.php\/wp-json\/wp\/v2\/users\/1"}],"replies":[{"embeddable":true,"href":"https:\/\/www.grebllom.se\/index.php\/wp-json\/wp\/v2\/comments?post=9"}],"version-history":[{"count":27,"href":"https:\/\/www.grebllom.se\/index.php\/wp-json\/wp\/v2\/pages\/9\/revisions"}],"predecessor-version":[{"id":237,"href":"https:\/\/www.grebllom.se\/index.php\/wp-json\/wp\/v2\/pages\/9\/revisions\/237"}],"wp:attachment":[{"href":"https:\/\/www.grebllom.se\/index.php\/wp-json\/wp\/v2\/media?parent=9"}],"curies":[{"name":"wp","href":"https:\/\/api.w.org\/{rel}","templated":true}]}}